{"id":37,"date":"2021-03-22T12:04:36","date_gmt":"2021-03-22T12:04:36","guid":{"rendered":"https:\/\/osso-skate.com\/?page_id=37"},"modified":"2021-03-24T07:54:12","modified_gmt":"2021-03-24T07:54:12","slug":"referencias","status":"publish","type":"page","link":"https:\/\/osso-skate.com\/it\/referencias\/","title":{"rendered":"Skateparks"},"content":{"rendered":"<div data-elementor-type=\"wp-page\" data-elementor-id=\"37\" class=\"elementor elementor-37\" data-elementor-post-type=\"page\">\n\t\t\t\t\t\t<section class=\"elementor-section elementor-top-section elementor-element elementor-element-fcd0e75 elementor-reverse-mobile elementor-section-boxed elementor-section-height-default elementor-section-height-default\" data-id=\"fcd0e75\" data-element_type=\"section\" data-settings=\"{&quot;background_background&quot;:&quot;classic&quot;}\">\n\t\t\t\t\t\t\t<div class=\"elementor-background-overlay\"><\/div>\n\t\t\t\t\t\t\t<div class=\"elementor-container elementor-column-gap-default\">\n\t\t\t\t\t<div class=\"elementor-column elementor-col-100 elementor-top-column elementor-element elementor-element-408d3813\" data-id=\"408d3813\" data-element_type=\"column\">\n\t\t\t<div class=\"elementor-widget-wrap elementor-element-populated\">\n\t\t\t\t\t\t<div class=\"elementor-element elementor-element-57f64399 elementor-widget elementor-widget-heading\" data-id=\"57f64399\" data-element_type=\"widget\" data-widget_type=\"heading.default\">\n\t\t\t\t<div class=\"elementor-widget-container\">\n\t\t\t\t\t<h5 class=\"elementor-heading-title elementor-size-default\">Un skatepark es un ambiente construido con prop\u00f3sitos recreativos para quienes practican skateboarding, patinaje agresivo , roller, snakeboard y bmx con el fin de practicar, y desarrollar su deporte y t\u00e9cnica. Est\u00e1 constituido por varias estructuras destinadas a la realizaci\u00f3n de los trucos, por ejemplo: quarters, banks, modulos centrales o trickbox-es, modulos de suelo y grindaje, y miniramps.<\/h5>\t\t\t\t<\/div>\n\t\t\t\t<\/div>\n\t\t\t\t<div class=\"elementor-element elementor-element-67f7358 elementor-widget elementor-widget-spacer\" data-id=\"67f7358\" data-element_type=\"widget\" data-widget_type=\"spacer.default\">\n\t\t\t\t<div class=\"elementor-widget-container\">\n\t\t\t\t\t\t\t<div class=\"elementor-spacer\">\n\t\t\t<div class=\"elementor-spacer-inner\"><\/div>\n\t\t<\/div>\n\t\t\t\t\t\t<\/div>\n\t\t\t\t<\/div>\n\t\t\t\t<div class=\"elementor-element elementor-element-b17c371 elementor-widget elementor-widget-text-editor\" data-id=\"b17c371\" data-element_type=\"widget\" data-widget_type=\"text-editor.default\">\n\t\t\t\t<div class=\"elementor-widget-container\">\n\t\t\t\t\t\t\t\t\t<p>Los Skateparks de OSSO se fabrican a medida con los modulos correspondientes seg\u00fan el niceles de los patinadores, la inversi\u00f3n economica o las dimensiones del terreno, trabajamos con dos lineas adaptables segun la necesidad del cliente:<\/p>\t\t\t\t\t\t\t\t<\/div>\n\t\t\t\t<\/div>\n\t\t\t\t<section class=\"elementor-section elementor-inner-section elementor-element elementor-element-55221c56 elementor-section-full_width elementor-section-height-default elementor-section-height-default\" data-id=\"55221c56\" data-element_type=\"section\">\n\t\t\t\t\t\t<div class=\"elementor-container elementor-column-gap-default\">\n\t\t\t\t\t<div class=\"elementor-column elementor-col-50 elementor-inner-column elementor-element elementor-element-1e53b3ed\" data-id=\"1e53b3ed\" data-element_type=\"column\" data-settings=\"{&quot;background_background&quot;:&quot;classic&quot;}\">\n\t\t\t<div class=\"elementor-widget-wrap elementor-element-populated\">\n\t\t\t\t\t\t<div class=\"elementor-element elementor-element-3d1d7eeb elementor-widget elementor-widget-heading\" data-id=\"3d1d7eeb\" data-element_type=\"widget\" data-widget_type=\"heading.default\">\n\t\t\t\t<div class=\"elementor-widget-container\">\n\t\t\t\t\t<h2 class=\"elementor-heading-title elementor-size-default\">basic<\/h2>\t\t\t\t<\/div>\n\t\t\t\t<\/div>\n\t\t\t\t<div class=\"elementor-element elementor-element-07ebbce elementor-widget elementor-widget-text-editor\" data-id=\"07ebbce\" data-element_type=\"widget\" data-widget_type=\"text-editor.default\">\n\t\t\t\t<div class=\"elementor-widget-container\">\n\t\t\t\t\t\t\t\t\t<p>SkateParks Din\u00e1micos: M\u00f3dulos adaptables a terrenos, niveles o edades que dan posibilidad de variar la disposici\u00f3n o de poder ampliar el parque de skate.<\/p><p>Los m\u00f3dulos est\u00e1n construidos con HPL 6 mm+ Abedul de 9 O 18 mm, que es el material m\u00e1s seguro ante las ca\u00eddas de los usuarios.<\/p><p>Aptas para cualquier modalidad de deporte sobre ruedas (skate, rolling, BMX, scooter).<\/p><p>Mantenimiento sencillo y econ\u00f3mico. El tablero resiste las inclemencias clim\u00e1ticas con buen mantenimiento.<\/p>\t\t\t\t\t\t\t\t<\/div>\n\t\t\t\t<\/div>\n\t\t\t\t\t<\/div>\n\t\t<\/div>\n\t\t\t\t<div class=\"elementor-column elementor-col-50 elementor-inner-column elementor-element elementor-element-4ddbff09\" data-id=\"4ddbff09\" data-element_type=\"column\" data-settings=\"{&quot;background_background&quot;:&quot;classic&quot;}\">\n\t\t\t<div class=\"elementor-widget-wrap elementor-element-populated\">\n\t\t\t\t\t\t<div class=\"elementor-element elementor-element-23f35493 elementor-widget elementor-widget-heading\" data-id=\"23f35493\" data-element_type=\"widget\" data-widget_type=\"heading.default\">\n\t\t\t\t<div class=\"elementor-widget-container\">\n\t\t\t\t\t<h2 class=\"elementor-heading-title elementor-size-default\">premium<\/h2>\t\t\t\t<\/div>\n\t\t\t\t<\/div>\n\t\t\t\t<div class=\"elementor-element elementor-element-0c5117d elementor-widget elementor-widget-text-editor\" data-id=\"0c5117d\" data-element_type=\"widget\" data-widget_type=\"text-editor.default\">\n\t\t\t\t<div class=\"elementor-widget-container\">\n\t\t\t\t\t\t\t\t\t<p>Nuestra especializaci\u00f3n y voluntad de mejora nos han motivado para liderar un ambicioso proyecto de I+D en colaboraci\u00f3n con Tecnalia, \u201cSMARTRAMP\u201d, que nos ha permitido desarrollar un conjunto de <br \/>mejoras que incorporamos a nuestros m\u00f3dulos bajo la gama \u201cPremium\u201d.<\/p><p>La l\u00ednea Premium incluye la aplicaci\u00f3n de los resulta- dos del proyecto anteriormente descrito y consigue sumar a las caracter\u00edsticas de la gama BASIC:<br \/>Reducci\u00f3n de hasta 10 db de emisi\u00f3n de ruido. Esto evita molestias a vecinos y permite ubicacio- nes que no son aceptables para otros sistemas.<br \/>Mejora de las barandillas de seguridad.<br \/>Mejora de fabricaci\u00f3n de superficie de rodadura.<br \/>Mejora de la transici\u00f3n<br \/>Mejora en los elementos de apoyo.<\/p>\t\t\t\t\t\t\t\t<\/div>\n\t\t\t\t<\/div>\n\t\t\t\t\t<\/div>\n\t\t<\/div>\n\t\t\t\t\t<\/div>\n\t\t<\/section>\n\t\t\t\t\t<\/div>\n\t\t<\/div>\n\t\t\t\t\t<\/div>\n\t\t<\/section>\n\t\t\t\t<section class=\"elementor-section elementor-top-section elementor-element elementor-element-e85b936 elementor-section-boxed elementor-section-height-default elementor-section-height-default\" data-id=\"e85b936\" data-element_type=\"section\">\n\t\t\t\t\t\t<div class=\"elementor-container elementor-column-gap-default\">\n\t\t\t\t\t<div class=\"elementor-column elementor-col-100 elementor-top-column elementor-element elementor-element-9b6de76\" data-id=\"9b6de76\" data-element_type=\"column\">\n\t\t\t<div class=\"elementor-widget-wrap\">\n\t\t\t\t\t\t\t<\/div>\n\t\t<\/div>\n\t\t\t\t\t<\/div>\n\t\t<\/section>\n\t\t\t\t<\/div>","protected":false},"excerpt":{"rendered":"<p>OSSO &#8211; SKATE SKATEPARKS Un skatepark es un ambiente construido con prop\u00f3sitos recreativos para quienes practican skateboarding, patinaje agresivo , roller, snakeboard y bmx con el fin de practicar, y desarrollar su deporte y t\u00e9cnica. Est\u00e1 constituido por varias estructuras destinadas a la realizaci\u00f3n de los trucos, por ejemplo: quarters, banks, modulos centrales o trickbox-es, [&hellip;]<\/p>","protected":false},"author":2,"featured_media":0,"parent":0,"menu_order":0,"comment_status":"closed","ping_status":"closed","template":"","meta":{"site-sidebar-layout":"no-sidebar","site-content-layout":"page-builder","ast-site-content-layout":"","site-content-style":"default","site-sidebar-style":"default","ast-global-header-display":"","ast-banner-title-visibility":"","ast-main-header-display":"","ast-hfb-above-header-display":"","ast-hfb-below-header-display":"","ast-hfb-mobile-header-display":"","site-post-title":"disabled","ast-breadcrumbs-content":"","ast-featured-img":"disabled","footer-sml-layout":"","theme-transparent-header-meta":"default","adv-header-id-meta":"","stick-header-meta":"","header-above-stick-meta":"","header-main-stick-meta":"","header-below-stick-meta":"","astra-migrate-meta-layouts":"default","ast-page-background-enabled":"default","ast-page-background-meta":{"desktop":{"background-color":"","background-image":"","background-repeat":"repeat","background-position":"center center","background-size":"auto","background-attachment":"scroll","background-type":"","background-media":"","overlay-type":"","overlay-color":"","overlay-gradient":""},"tablet":{"background-color":"","background-image":"","background-repeat":"repeat","background-position":"center center","background-size":"auto","background-attachment":"scroll","background-type":"","background-media":"","overlay-type":"","overlay-color":"","overlay-gradient":""},"mobile":{"background-color":"","background-image":"","background-repeat":"repeat","background-position":"center center","background-size":"auto","background-attachment":"scroll","background-type":"","background-media":"","overlay-type":"","overlay-color":"","overlay-gradient":""}},"ast-content-background-meta":{"desktop":{"background-color":"var(--ast-global-color-5)","background-image":"","background-repeat":"repeat","background-position":"center center","background-size":"auto","background-attachment":"scroll","background-type":"","background-media":"","overlay-type":"","overlay-color":"","overlay-gradient":""},"tablet":{"background-color":"var(--ast-global-color-5)","background-image":"","background-repeat":"repeat","background-position":"center center","background-size":"auto","background-attachment":"scroll","background-type":"","background-media":"","overlay-type":"","overlay-color":"","overlay-gradient":""},"mobile":{"background-color":"var(--ast-global-color-5)","background-image":"","background-repeat":"repeat","background-position":"center center","background-size":"auto","background-attachment":"scroll","background-type":"","background-media":"","overlay-type":"","overlay-color":"","overlay-gradient":""}},"footnotes":""},"class_list":["post-37","page","type-page","status-publish","hentry"],"yoast_head":"<!-- This site is optimized with the Yoast SEO plugin v24.6 - https:\/\/yoast.com\/wordpress\/plugins\/seo\/ -->\n<title>Skateparks - OSSO-SKATE<\/title>\n<meta name=\"robots\" content=\"index, follow, max-snippet:-1, max-image-preview:large, max-video-preview:-1\" \/>\n<link rel=\"canonical\" href=\"https:\/\/osso-skate.com\/it\/referencias\/\" \/>\n<meta property=\"og:locale\" content=\"it_IT\" \/>\n<meta property=\"og:type\" content=\"article\" \/>\n<meta property=\"og:title\" content=\"Skateparks - OSSO-SKATE\" \/>\n<meta property=\"og:description\" content=\"OSSO &#8211; SKATE SKATEPARKS Un skatepark es un ambiente construido con prop\u00f3sitos recreativos para quienes practican skateboarding, patinaje agresivo , roller, snakeboard y bmx con el fin de practicar, y desarrollar su deporte y t\u00e9cnica. Est\u00e1 constituido por varias estructuras destinadas a la realizaci\u00f3n de los trucos, por ejemplo: quarters, banks, modulos centrales o trickbox-es, [&hellip;]\" \/>\n<meta property=\"og:url\" content=\"https:\/\/osso-skate.com\/it\/referencias\/\" \/>\n<meta property=\"og:site_name\" content=\"OSSO-SKATE\" \/>\n<meta property=\"article:modified_time\" content=\"2021-03-24T07:54:12+00:00\" \/>\n<meta name=\"twitter:card\" content=\"summary_large_image\" \/>\n<meta name=\"twitter:label1\" content=\"Tempo di lettura stimato\" \/>\n\t<meta name=\"twitter:data1\" content=\"2 minuti\" \/>\n<script type=\"application\/ld+json\" class=\"yoast-schema-graph\">{\"@context\":\"https:\/\/schema.org\",\"@graph\":[{\"@type\":\"WebPage\",\"@id\":\"https:\/\/osso-skate.com\/referencias\/\",\"url\":\"https:\/\/osso-skate.com\/referencias\/\",\"name\":\"Skateparks - OSSO-SKATE\",\"isPartOf\":{\"@id\":\"https:\/\/osso-skate.com\/#website\"},\"datePublished\":\"2021-03-22T12:04:36+00:00\",\"dateModified\":\"2021-03-24T07:54:12+00:00\",\"breadcrumb\":{\"@id\":\"https:\/\/osso-skate.com\/referencias\/#breadcrumb\"},\"inLanguage\":\"it-IT\",\"potentialAction\":[{\"@type\":\"ReadAction\",\"target\":[\"https:\/\/osso-skate.com\/referencias\/\"]}]},{\"@type\":\"BreadcrumbList\",\"@id\":\"https:\/\/osso-skate.com\/referencias\/#breadcrumb\",\"itemListElement\":[{\"@type\":\"ListItem\",\"position\":1,\"name\":\"Portada\",\"item\":\"https:\/\/osso-skate.com\/\"},{\"@type\":\"ListItem\",\"position\":2,\"name\":\"Skateparks\"}]},{\"@type\":\"WebSite\",\"@id\":\"https:\/\/osso-skate.com\/#website\",\"url\":\"https:\/\/osso-skate.com\/\",\"name\":\"OSSO-SKATE\",\"description\":\"Otro sitio realizado con WordPress\",\"publisher\":{\"@id\":\"https:\/\/osso-skate.com\/#organization\"},\"potentialAction\":[{\"@type\":\"SearchAction\",\"target\":{\"@type\":\"EntryPoint\",\"urlTemplate\":\"https:\/\/osso-skate.com\/?s={search_term_string}\"},\"query-input\":{\"@type\":\"PropertyValueSpecification\",\"valueRequired\":true,\"valueName\":\"search_term_string\"}}],\"inLanguage\":\"it-IT\"},{\"@type\":\"Organization\",\"@id\":\"https:\/\/osso-skate.com\/#organization\",\"name\":\"OSSO-SKATE\",\"url\":\"https:\/\/osso-skate.com\/\",\"logo\":{\"@type\":\"ImageObject\",\"inLanguage\":\"it-IT\",\"@id\":\"https:\/\/osso-skate.com\/#\/schema\/logo\/image\/\",\"url\":\"https:\/\/osso-skate.com\/wp-content\/uploads\/2021\/03\/1Recurso-2N.png\",\"contentUrl\":\"https:\/\/osso-skate.com\/wp-content\/uploads\/2021\/03\/1Recurso-2N.png\",\"width\":1396,\"height\":410,\"caption\":\"OSSO-SKATE\"},\"image\":{\"@id\":\"https:\/\/osso-skate.com\/#\/schema\/logo\/image\/\"}}]}<\/script>\n<!-- \/ Yoast SEO plugin. -->","yoast_head_json":{"title":"Skateparks - OSSO-SKATE","robots":{"index":"index","follow":"follow","max-snippet":"max-snippet:-1","max-image-preview":"max-image-preview:large","max-video-preview":"max-video-preview:-1"},"canonical":"https:\/\/osso-skate.com\/it\/referencias\/","og_locale":"it_IT","og_type":"article","og_title":"Skateparks - OSSO-SKATE","og_description":"OSSO &#8211; SKATE SKATEPARKS Un skatepark es un ambiente construido con prop\u00f3sitos recreativos para quienes practican skateboarding, patinaje agresivo , roller, snakeboard y bmx con el fin de practicar, y desarrollar su deporte y t\u00e9cnica. Est\u00e1 constituido por varias estructuras destinadas a la realizaci\u00f3n de los trucos, por ejemplo: quarters, banks, modulos centrales o trickbox-es, [&hellip;]","og_url":"https:\/\/osso-skate.com\/it\/referencias\/","og_site_name":"OSSO-SKATE","article_modified_time":"2021-03-24T07:54:12+00:00","twitter_card":"summary_large_image","twitter_misc":{"Tempo di lettura stimato":"2 minuti"},"schema":{"@context":"https:\/\/schema.org","@graph":[{"@type":"WebPage","@id":"https:\/\/osso-skate.com\/referencias\/","url":"https:\/\/osso-skate.com\/referencias\/","name":"Skateparks - OSSO-SKATE","isPartOf":{"@id":"https:\/\/osso-skate.com\/#website"},"datePublished":"2021-03-22T12:04:36+00:00","dateModified":"2021-03-24T07:54:12+00:00","breadcrumb":{"@id":"https:\/\/osso-skate.com\/referencias\/#breadcrumb"},"inLanguage":"it-IT","potentialAction":[{"@type":"ReadAction","target":["https:\/\/osso-skate.com\/referencias\/"]}]},{"@type":"BreadcrumbList","@id":"https:\/\/osso-skate.com\/referencias\/#breadcrumb","itemListElement":[{"@type":"ListItem","position":1,"name":"Portada","item":"https:\/\/osso-skate.com\/"},{"@type":"ListItem","position":2,"name":"Skateparks"}]},{"@type":"WebSite","@id":"https:\/\/osso-skate.com\/#website","url":"https:\/\/osso-skate.com\/","name":"OSSO-SKATE","description":"Otro sitio realizado con WordPress","publisher":{"@id":"https:\/\/osso-skate.com\/#organization"},"potentialAction":[{"@type":"SearchAction","target":{"@type":"EntryPoint","urlTemplate":"https:\/\/osso-skate.com\/?s={search_term_string}"},"query-input":{"@type":"PropertyValueSpecification","valueRequired":true,"valueName":"search_term_string"}}],"inLanguage":"it-IT"},{"@type":"Organization","@id":"https:\/\/osso-skate.com\/#organization","name":"OSSO-SKATE","url":"https:\/\/osso-skate.com\/","logo":{"@type":"ImageObject","inLanguage":"it-IT","@id":"https:\/\/osso-skate.com\/#\/schema\/logo\/image\/","url":"https:\/\/osso-skate.com\/wp-content\/uploads\/2021\/03\/1Recurso-2N.png","contentUrl":"https:\/\/osso-skate.com\/wp-content\/uploads\/2021\/03\/1Recurso-2N.png","width":1396,"height":410,"caption":"OSSO-SKATE"},"image":{"@id":"https:\/\/osso-skate.com\/#\/schema\/logo\/image\/"}}]}},"_links":{"self":[{"href":"https:\/\/osso-skate.com\/it\/wp-json\/wp\/v2\/pages\/37","targetHints":{"allow":["GET"]}}],"collection":[{"href":"https:\/\/osso-skate.com\/it\/wp-json\/wp\/v2\/pages"}],"about":[{"href":"https:\/\/osso-skate.com\/it\/wp-json\/wp\/v2\/types\/page"}],"author":[{"embeddable":true,"href":"https:\/\/osso-skate.com\/it\/wp-json\/wp\/v2\/users\/2"}],"replies":[{"embeddable":true,"href":"https:\/\/osso-skate.com\/it\/wp-json\/wp\/v2\/comments?post=37"}],"version-history":[{"count":8,"href":"https:\/\/osso-skate.com\/it\/wp-json\/wp\/v2\/pages\/37\/revisions"}],"predecessor-version":[{"id":233,"href":"https:\/\/osso-skate.com\/it\/wp-json\/wp\/v2\/pages\/37\/revisions\/233"}],"wp:attachment":[{"href":"https:\/\/osso-skate.com\/it\/wp-json\/wp\/v2\/media?parent=37"}],"curies":[{"name":"wp","href":"https:\/\/api.w.org\/{rel}","templated":true}]}}