{"id":1189,"date":"2022-01-28T15:12:29","date_gmt":"2022-01-28T15:12:29","guid":{"rendered":"https:\/\/osso-skate.com\/?page_id=1189"},"modified":"2022-01-28T15:13:45","modified_gmt":"2022-01-28T15:13:45","slug":"distribuidor-osso-skate","status":"publish","type":"page","link":"https:\/\/osso-skate.com\/en\/distribuidor-osso-skate\/","title":{"rendered":"Distributor Osso Skate"},"content":{"rendered":"<div data-elementor-type=\"wp-page\" data-elementor-id=\"1189\" class=\"elementor elementor-1189\" data-elementor-post-type=\"page\">\n\t\t\t\t\t\t<section class=\"elementor-section elementor-top-section elementor-element elementor-element-3058d02 elementor-section-boxed elementor-section-height-default elementor-section-height-default\" data-id=\"3058d02\" data-element_type=\"section\">\n\t\t\t\t\t\t<div class=\"elementor-container elementor-column-gap-default\">\n\t\t\t\t\t<div class=\"elementor-column elementor-col-100 elementor-top-column elementor-element elementor-element-594a772\" data-id=\"594a772\" data-element_type=\"column\">\n\t\t\t<div class=\"elementor-widget-wrap elementor-element-populated\">\n\t\t\t\t\t\t<div class=\"elementor-element elementor-element-b529c59 elementor-widget elementor-widget-heading\" data-id=\"b529c59\" data-element_type=\"widget\" data-widget_type=\"heading.default\">\n\t\t\t\t<div class=\"elementor-widget-container\">\n\t\t\t\t\t<h1 class=\"elementor-heading-title elementor-size-default\">Distributor Osso Skate<\/h1>\t\t\t\t<\/div>\n\t\t\t\t<\/div>\n\t\t\t\t<div class=\"elementor-element elementor-element-d3ab4b6 elementor-widget elementor-widget-text-editor\" data-id=\"d3ab4b6\" data-element_type=\"widget\" data-widget_type=\"text-editor.default\">\n\t\t\t\t<div class=\"elementor-widget-container\">\n\t\t\t\t\t\t\t\t\t<p dir=\"auto\" data-pm-slice=\"1 1 []\">Skateboarding is a sport that requires a certain amount of space. Skateparks are the best way to provide this space in an urban environment.<\/p><p dir=\"auto\">The construction of skateparks has become increasingly popular because they are seen as a way to make communities more livable and sustainable.<\/p><p dir=\"auto\">However, the cost of construction is often prohibitive for municipal governments, meaning they have to find additional sources of funding to build these parks.<\/p><p dir=\"auto\">The construction of skateparks can be financed by private companies or organizations, by community fundraising efforts, or by ourselves. The economic impacts on the local economy depend on the source of financing used.<\/p>\t\t\t\t\t\t\t\t<\/div>\n\t\t\t\t<\/div>\n\t\t\t\t<div class=\"elementor-element elementor-element-3cb9a69 elementor-widget elementor-widget-heading\" data-id=\"3cb9a69\" data-element_type=\"widget\" data-widget_type=\"heading.default\">\n\t\t\t\t<div class=\"elementor-widget-container\">\n\t\t\t\t\t<h3 class=\"elementor-heading-title elementor-size-default\">If you want to be part of our team Contact us<\/h3>\t\t\t\t<\/div>\n\t\t\t\t<\/div>\n\t\t\t\t<div class=\"elementor-element elementor-element-3612a2b elementor-widget elementor-widget-shortcode\" data-id=\"3612a2b\" data-element_type=\"widget\" data-widget_type=\"shortcode.default\">\n\t\t\t\t<div class=\"elementor-widget-container\">\n\t\t\t\t\t\t\t<div class=\"elementor-shortcode\">\n<div class=\"wpcf7 no-js\" id=\"wpcf7-f1185-o1\" lang=\"es-ES\" dir=\"ltr\" data-wpcf7-id=\"1185\">\n<div class=\"screen-reader-response\"><p role=\"status\" aria-live=\"polite\" aria-atomic=\"true\"><\/p> <ul><\/ul><\/div>\n<form action=\"\/en\/wp-json\/wp\/v2\/pages\/1189#wpcf7-f1185-o1\" method=\"post\" class=\"wpcf7-form init\" aria-label=\"Formulario de contacto\" novalidate=\"novalidate\" data-status=\"init\" data-trp-original-action=\"\/en\/wp-json\/wp\/v2\/pages\/1189#wpcf7-f1185-o1\">\n<div style=\"display: none;\">\n<input type=\"hidden\" name=\"_wpcf7\" value=\"1185\" \/>\n<input type=\"hidden\" name=\"_wpcf7_version\" value=\"6.0.4\" \/>\n<input type=\"hidden\" name=\"_wpcf7_locale\" value=\"es_ES\" \/>\n<input type=\"hidden\" name=\"_wpcf7_unit_tag\" value=\"wpcf7-f1185-o1\" \/>\n<input type=\"hidden\" name=\"_wpcf7_container_post\" value=\"0\" \/>\n<input type=\"hidden\" name=\"_wpcf7_posted_data_hash\" value=\"\" \/>\n<input type=\"hidden\" name=\"_wpcf7_recaptcha_response\" value=\"\" \/>\n<\/div>\n<p><label> Your name<br \/>\n<span class=\"wpcf7-form-control-wrap\" data-name=\"your-name\"><input size=\"40\" maxlength=\"400\" class=\"wpcf7-form-control wpcf7-text wpcf7-validates-as-required\" aria-required=\"true\" aria-invalid=\"false\" value=\"\" type=\"text\" name=\"your-name\" \/><\/span> <\/label>\n<\/p>\n<p><label> your e-mail<br \/>\n<span class=\"wpcf7-form-control-wrap\" data-name=\"your-email\"><input size=\"40\" maxlength=\"400\" class=\"wpcf7-form-control wpcf7-email wpcf7-validates-as-required wpcf7-text wpcf7-validates-as-email\" aria-required=\"true\" aria-invalid=\"false\" value=\"\" type=\"email\" name=\"your-email\" \/><\/span> <\/label>\n<\/p>\n<p><label> subject<br \/>\n<span class=\"wpcf7-form-control-wrap\" data-name=\"your-subject\"><input size=\"40\" maxlength=\"400\" class=\"wpcf7-form-control wpcf7-text wpcf7-validates-as-required\" aria-required=\"true\" aria-invalid=\"false\" value=\"\" type=\"text\" name=\"your-subject\" \/><\/span> <\/label>\n<\/p>\n<p><label> Your message (optional)<br \/>\n<span class=\"wpcf7-form-control-wrap\" data-name=\"your-message\"><textarea cols=\"40\" rows=\"10\" maxlength=\"2000\" class=\"wpcf7-form-control wpcf7-textarea\" aria-invalid=\"false\" name=\"your-message\"><\/textarea><\/span> <\/label>\n<\/p>\n<p><input class=\"wpcf7-form-control wpcf7-submit has-spinner\" type=\"submit\" value=\"Send\" \/>\n<\/p><div class=\"wpcf7-response-output\" aria-hidden=\"true\"><\/div>\n<input type=\"hidden\" name=\"trp-form-language\" value=\"en\"\/><\/form>\n<\/div>\n<\/div>\n\t\t\t\t\t\t<\/div>\n\t\t\t\t<\/div>\n\t\t\t\t\t<\/div>\n\t\t<\/div>\n\t\t\t\t\t<\/div>\n\t\t<\/section>\n\t\t\t\t<\/div>","protected":false},"excerpt":{"rendered":"<p>Distribuidor Osso Skate El skateboarding es un deporte que requiere una cierta cantidad de espacio. Los skateparks son la mejor forma de dotar este espacio en un entorno urbano. La construcci\u00f3n de skateparks se ha vuelto cada vez m\u00e1s popular porque se consideran una forma de hacer que las comunidades sean m\u00e1s habitables y sostenibles. [&hellip;]<\/p>","protected":false},"author":2,"featured_media":0,"parent":0,"menu_order":0,"comment_status":"closed","ping_status":"closed","template":"","meta":{"site-sidebar-layout":"no-sidebar","site-content-layout":"page-builder","ast-site-content-layout":"","site-content-style":"default","site-sidebar-style":"default","ast-global-header-display":"","ast-banner-title-visibility":"","ast-main-header-display":"","ast-hfb-above-header-display":"","ast-hfb-below-header-display":"","ast-hfb-mobile-header-display":"","site-post-title":"disabled","ast-breadcrumbs-content":"","ast-featured-img":"disabled","footer-sml-layout":"","theme-transparent-header-meta":"","adv-header-id-meta":"","stick-header-meta":"","header-above-stick-meta":"","header-main-stick-meta":"","header-below-stick-meta":"","astra-migrate-meta-layouts":"default","ast-page-background-enabled":"default","ast-page-background-meta":{"desktop":{"background-color":"","background-image":"","background-repeat":"repeat","background-position":"center center","background-size":"auto","background-attachment":"scroll","background-type":"","background-media":"","overlay-type":"","overlay-color":"","overlay-gradient":""},"tablet":{"background-color":"","background-image":"","background-repeat":"repeat","background-position":"center center","background-size":"auto","background-attachment":"scroll","background-type":"","background-media":"","overlay-type":"","overlay-color":"","overlay-gradient":""},"mobile":{"background-color":"","background-image":"","background-repeat":"repeat","background-position":"center center","background-size":"auto","background-attachment":"scroll","background-type":"","background-media":"","overlay-type":"","overlay-color":"","overlay-gradient":""}},"ast-content-background-meta":{"desktop":{"background-color":"var(--ast-global-color-5)","background-image":"","background-repeat":"repeat","background-position":"center center","background-size":"auto","background-attachment":"scroll","background-type":"","background-media":"","overlay-type":"","overlay-color":"","overlay-gradient":""},"tablet":{"background-color":"var(--ast-global-color-5)","background-image":"","background-repeat":"repeat","background-position":"center center","background-size":"auto","background-attachment":"scroll","background-type":"","background-media":"","overlay-type":"","overlay-color":"","overlay-gradient":""},"mobile":{"background-color":"var(--ast-global-color-5)","background-image":"","background-repeat":"repeat","background-position":"center center","background-size":"auto","background-attachment":"scroll","background-type":"","background-media":"","overlay-type":"","overlay-color":"","overlay-gradient":""}},"footnotes":""},"class_list":["post-1189","page","type-page","status-publish","hentry"],"yoast_head":"<!-- This site is optimized with the Yoast SEO plugin v24.6 - https:\/\/yoast.com\/wordpress\/plugins\/seo\/ -->\n<title>Distribuidor Osso Skate - OSSO-SKATE<\/title>\n<meta name=\"robots\" content=\"index, follow, max-snippet:-1, max-image-preview:large, max-video-preview:-1\" \/>\n<link rel=\"canonical\" href=\"https:\/\/osso-skate.com\/en\/distribuidor-osso-skate\/\" \/>\n<meta property=\"og:locale\" content=\"en_US\" \/>\n<meta property=\"og:type\" content=\"article\" \/>\n<meta property=\"og:title\" content=\"Distribuidor Osso Skate - OSSO-SKATE\" \/>\n<meta property=\"og:description\" content=\"Distribuidor Osso Skate El skateboarding es un deporte que requiere una cierta cantidad de espacio. Los skateparks son la mejor forma de dotar este espacio en un entorno urbano. La construcci\u00f3n de skateparks se ha vuelto cada vez m\u00e1s popular porque se consideran una forma de hacer que las comunidades sean m\u00e1s habitables y sostenibles. [&hellip;]\" \/>\n<meta property=\"og:url\" content=\"https:\/\/osso-skate.com\/en\/distribuidor-osso-skate\/\" \/>\n<meta property=\"og:site_name\" content=\"OSSO-SKATE\" \/>\n<meta property=\"article:modified_time\" content=\"2022-01-28T15:13:45+00:00\" \/>\n<meta name=\"twitter:card\" content=\"summary_large_image\" \/>\n<meta name=\"twitter:label1\" content=\"Est. reading time\" \/>\n\t<meta name=\"twitter:data1\" content=\"1 minute\" \/>\n<script type=\"application\/ld+json\" class=\"yoast-schema-graph\">{\"@context\":\"https:\/\/schema.org\",\"@graph\":[{\"@type\":\"WebPage\",\"@id\":\"https:\/\/osso-skate.com\/distribuidor-osso-skate\/\",\"url\":\"https:\/\/osso-skate.com\/distribuidor-osso-skate\/\",\"name\":\"Distribuidor Osso Skate - OSSO-SKATE\",\"isPartOf\":{\"@id\":\"https:\/\/osso-skate.com\/#website\"},\"datePublished\":\"2022-01-28T15:12:29+00:00\",\"dateModified\":\"2022-01-28T15:13:45+00:00\",\"breadcrumb\":{\"@id\":\"https:\/\/osso-skate.com\/distribuidor-osso-skate\/#breadcrumb\"},\"inLanguage\":\"en-US\",\"potentialAction\":[{\"@type\":\"ReadAction\",\"target\":[\"https:\/\/osso-skate.com\/distribuidor-osso-skate\/\"]}]},{\"@type\":\"BreadcrumbList\",\"@id\":\"https:\/\/osso-skate.com\/distribuidor-osso-skate\/#breadcrumb\",\"itemListElement\":[{\"@type\":\"ListItem\",\"position\":1,\"name\":\"Portada\",\"item\":\"https:\/\/osso-skate.com\/\"},{\"@type\":\"ListItem\",\"position\":2,\"name\":\"Distribuidor Osso Skate\"}]},{\"@type\":\"WebSite\",\"@id\":\"https:\/\/osso-skate.com\/#website\",\"url\":\"https:\/\/osso-skate.com\/\",\"name\":\"OSSO-SKATE\",\"description\":\"Otro sitio realizado con WordPress\",\"publisher\":{\"@id\":\"https:\/\/osso-skate.com\/#organization\"},\"potentialAction\":[{\"@type\":\"SearchAction\",\"target\":{\"@type\":\"EntryPoint\",\"urlTemplate\":\"https:\/\/osso-skate.com\/?s={search_term_string}\"},\"query-input\":{\"@type\":\"PropertyValueSpecification\",\"valueRequired\":true,\"valueName\":\"search_term_string\"}}],\"inLanguage\":\"en-US\"},{\"@type\":\"Organization\",\"@id\":\"https:\/\/osso-skate.com\/#organization\",\"name\":\"OSSO-SKATE\",\"url\":\"https:\/\/osso-skate.com\/\",\"logo\":{\"@type\":\"ImageObject\",\"inLanguage\":\"en-US\",\"@id\":\"https:\/\/osso-skate.com\/#\/schema\/logo\/image\/\",\"url\":\"https:\/\/osso-skate.com\/wp-content\/uploads\/2021\/03\/1Recurso-2N.png\",\"contentUrl\":\"https:\/\/osso-skate.com\/wp-content\/uploads\/2021\/03\/1Recurso-2N.png\",\"width\":1396,\"height\":410,\"caption\":\"OSSO-SKATE\"},\"image\":{\"@id\":\"https:\/\/osso-skate.com\/#\/schema\/logo\/image\/\"}}]}<\/script>\n<!-- \/ Yoast SEO plugin. -->","yoast_head_json":{"title":"Distribuidor Osso Skate - OSSO-SKATE","robots":{"index":"index","follow":"follow","max-snippet":"max-snippet:-1","max-image-preview":"max-image-preview:large","max-video-preview":"max-video-preview:-1"},"canonical":"https:\/\/osso-skate.com\/en\/distribuidor-osso-skate\/","og_locale":"en_US","og_type":"article","og_title":"Distribuidor Osso Skate - OSSO-SKATE","og_description":"Distribuidor Osso Skate El skateboarding es un deporte que requiere una cierta cantidad de espacio. Los skateparks son la mejor forma de dotar este espacio en un entorno urbano. La construcci\u00f3n de skateparks se ha vuelto cada vez m\u00e1s popular porque se consideran una forma de hacer que las comunidades sean m\u00e1s habitables y sostenibles. [&hellip;]","og_url":"https:\/\/osso-skate.com\/en\/distribuidor-osso-skate\/","og_site_name":"OSSO-SKATE","article_modified_time":"2022-01-28T15:13:45+00:00","twitter_card":"summary_large_image","twitter_misc":{"Est. reading time":"1 minute"},"schema":{"@context":"https:\/\/schema.org","@graph":[{"@type":"WebPage","@id":"https:\/\/osso-skate.com\/distribuidor-osso-skate\/","url":"https:\/\/osso-skate.com\/distribuidor-osso-skate\/","name":"Distribuidor Osso Skate - OSSO-SKATE","isPartOf":{"@id":"https:\/\/osso-skate.com\/#website"},"datePublished":"2022-01-28T15:12:29+00:00","dateModified":"2022-01-28T15:13:45+00:00","breadcrumb":{"@id":"https:\/\/osso-skate.com\/distribuidor-osso-skate\/#breadcrumb"},"inLanguage":"en-US","potentialAction":[{"@type":"ReadAction","target":["https:\/\/osso-skate.com\/distribuidor-osso-skate\/"]}]},{"@type":"BreadcrumbList","@id":"https:\/\/osso-skate.com\/distribuidor-osso-skate\/#breadcrumb","itemListElement":[{"@type":"ListItem","position":1,"name":"Portada","item":"https:\/\/osso-skate.com\/"},{"@type":"ListItem","position":2,"name":"Distribuidor Osso Skate"}]},{"@type":"WebSite","@id":"https:\/\/osso-skate.com\/#website","url":"https:\/\/osso-skate.com\/","name":"OSSO-SKATE","description":"Otro sitio realizado con WordPress","publisher":{"@id":"https:\/\/osso-skate.com\/#organization"},"potentialAction":[{"@type":"SearchAction","target":{"@type":"EntryPoint","urlTemplate":"https:\/\/osso-skate.com\/?s={search_term_string}"},"query-input":{"@type":"PropertyValueSpecification","valueRequired":true,"valueName":"search_term_string"}}],"inLanguage":"en-US"},{"@type":"Organization","@id":"https:\/\/osso-skate.com\/#organization","name":"OSSO-SKATE","url":"https:\/\/osso-skate.com\/","logo":{"@type":"ImageObject","inLanguage":"en-US","@id":"https:\/\/osso-skate.com\/#\/schema\/logo\/image\/","url":"https:\/\/osso-skate.com\/wp-content\/uploads\/2021\/03\/1Recurso-2N.png","contentUrl":"https:\/\/osso-skate.com\/wp-content\/uploads\/2021\/03\/1Recurso-2N.png","width":1396,"height":410,"caption":"OSSO-SKATE"},"image":{"@id":"https:\/\/osso-skate.com\/#\/schema\/logo\/image\/"}}]}},"_links":{"self":[{"href":"https:\/\/osso-skate.com\/en\/wp-json\/wp\/v2\/pages\/1189","targetHints":{"allow":["GET"]}}],"collection":[{"href":"https:\/\/osso-skate.com\/en\/wp-json\/wp\/v2\/pages"}],"about":[{"href":"https:\/\/osso-skate.com\/en\/wp-json\/wp\/v2\/types\/page"}],"author":[{"embeddable":true,"href":"https:\/\/osso-skate.com\/en\/wp-json\/wp\/v2\/users\/2"}],"replies":[{"embeddable":true,"href":"https:\/\/osso-skate.com\/en\/wp-json\/wp\/v2\/comments?post=1189"}],"version-history":[{"count":13,"href":"https:\/\/osso-skate.com\/en\/wp-json\/wp\/v2\/pages\/1189\/revisions"}],"predecessor-version":[{"id":1202,"href":"https:\/\/osso-skate.com\/en\/wp-json\/wp\/v2\/pages\/1189\/revisions\/1202"}],"wp:attachment":[{"href":"https:\/\/osso-skate.com\/en\/wp-json\/wp\/v2\/media?parent=1189"}],"curies":[{"name":"wp","href":"https:\/\/api.w.org\/{rel}","templated":true}]}}